{"id":19640,"date":"2021-06-09T19:43:49","date_gmt":"2021-06-09T17:43:49","guid":{"rendered":"https:\/\/iberosgourmet.com\/tienda\/media-cana-de-lomo-de-bellota-100-iberica-natural-al-vacio\/"},"modified":"2021-06-09T19:43:49","modified_gmt":"2021-06-09T17:43:49","slug":"cana-de-lomo-de-bellota-100-iberica-natural-al-vacio","status":"publish","type":"product","link":"https:\/\/iberosgourmet.com\/en\/producto\/cana-de-lomo-de-bellota-100-iberica-natural-al-vacio\/","title":{"rendered":"Media ca\u00f1a de lomo de Bellota 100% Ib\u00e9rica natural | Al vac\u00edo"},"content":{"rendered":"<div class=\"woocommerce-product-details__short-description\">\n<h3>This 100% acorn-fed Iberian pork loin from Sierra de Jabugo S.L. is a product made in a traditional way. Cured for three months in a natural dryer in the Sierra de Aracena y Picos de Aroche (Huelva).<\/h3>\n<p><span class=\"texto-base\">Loin of pork from 100% Iberian pigs fed naturally on acorns during the montanera season. This is why this loin of pork is called &#8220;de bellota&#8221; (acorn-fed).<\/span><\/p>\n<p><span class=\"texto-base\">The pieces are cured for between 80 and 90 days in our natural drying sheds in the Sierra de Huelva.<\/span><\/p>\n<p><span class=\"texto-base\">We sell them as whole or half pieces. Piece of 1 kg. or two pieces of 500 gr. approx. vacuum-packed of our 100% acorn-fed Iberian pork loin. If you select the weight of the piece you can see its price.<\/span><\/p>\n<p><span class=\"texto-base\">The breed and feeding with acorns are supervised by the certifying .<\/span><\/p>\n<\/div>\n<div class=\"woo_discount_rules_variant_table\" data-id=\"485\">\n<p>The elaboration of a quality product results in a loin cane with a delicate and pleasant flavour. Aroma of plants, aromatic flowers and wild fruits. Cut in thin slices, this gourmet product offers first class culinary values when tasted.<\/p>\n<p>Traceability throughout the production process is controlled by an external certifying body, which certifies breed and feed. And to be able to qualify these <em><strong>100% Iberian<\/strong><\/em> acorn-fed pork loins<\/p>\n<\/div>\n","protected":false},"excerpt":{"rendered":"<p>This 100% acorn-fed Iberian pork loin from Sierra de Jabugo S.L. is a product made in a traditional way. Cured for three months in a natural dryer in the Sierra de Aracena y Picos de Aroche (Huelva).<\/p>\n<p>It is presented in pieces of 450 gr approx.<\/p>\n","protected":false},"featured_media":18174,"template":"","meta":{"rank_math_title":"","rank_math_description":"","rank_math_canonical_url":"","rank_math_focus_keyword":""},"pwb-brand":[507],"product_brand":[],"product_cat":[1102,1103,1105],"product_tag":[1165],"class_list":{"0":"post-19640","1":"product","2":"type-product","3":"status-publish","4":"has-post-thumbnail","6":"pwb-brand-ibericos-100-bellota-sierra-de-jabugo","7":"product_cat-hams-cured-meats","8":"product_cat-iberian-cured-meats","9":"product_cat-other-acorn-fed-iberian-hams","10":"product_tag-100-acorn-fed-iberico-ibericos-sierra-de-jabugo","12":"first","13":"instock","14":"taxable","15":"shipping-taxable","16":"purchasable","17":"product-type-simple"},"brands":[{"id":507,"name":"Ib\u00e9ricos 100% bellota Sierra de Jabugo","slug":"ibericos-100-bellota-sierra-de-jabugo"}],"_links":{"self":[{"href":"https:\/\/iberosgourmet.com\/en\/wp-json\/wp\/v2\/product\/19640","targetHints":{"allow":["GET"]}}],"collection":[{"href":"https:\/\/iberosgourmet.com\/en\/wp-json\/wp\/v2\/product"}],"about":[{"href":"https:\/\/iberosgourmet.com\/en\/wp-json\/wp\/v2\/types\/product"}],"version-history":[{"count":0,"href":"https:\/\/iberosgourmet.com\/en\/wp-json\/wp\/v2\/product\/19640\/revisions"}],"wp:featuredmedia":[{"embeddable":true,"href":"https:\/\/iberosgourmet.com\/en\/wp-json\/wp\/v2\/media\/18174"}],"wp:attachment":[{"href":"https:\/\/iberosgourmet.com\/en\/wp-json\/wp\/v2\/media?parent=19640"}],"wp:term":[{"taxonomy":"pwb-brand","embeddable":true,"href":"https:\/\/iberosgourmet.com\/en\/wp-json\/wp\/v2\/pwb-brand?post=19640"},{"taxonomy":"product_brand","embeddable":true,"href":"https:\/\/iberosgourmet.com\/en\/wp-json\/wp\/v2\/product_brand?post=19640"},{"taxonomy":"product_cat","embeddable":true,"href":"https:\/\/iberosgourmet.com\/en\/wp-json\/wp\/v2\/product_cat?post=19640"},{"taxonomy":"product_tag","embeddable":true,"href":"https:\/\/iberosgourmet.com\/en\/wp-json\/wp\/v2\/product_tag?post=19640"}],"curies":[{"name":"wp","href":"https:\/\/api.w.org\/{rel}","templated":true}]}}