{"id":19538,"date":"2021-09-22T15:23:24","date_gmt":"2021-09-22T13:23:24","guid":{"rendered":"https:\/\/iberosgourmet.com\/tienda\/select-your-pack-of-foie-gras-and-pates-medium-size\/"},"modified":"2021-09-22T15:23:24","modified_gmt":"2021-09-22T13:23:24","slug":"select-your-pack-of-foie-and-pates-medium-range","status":"publish","type":"product","link":"https:\/\/iberosgourmet.com\/en\/producto\/select-your-pack-of-foie-and-pates-medium-range\/","title":{"rendered":"Select your pack of foie gras and p\u00e2t\u00e9s medium size"},"content":{"rendered":"","protected":false},"excerpt":{"rendered":"<p>This pack is mainly made up of p\u00e2t\u00e9s and foie gras in 200g packs or tins.<\/p>\n<p>Select a minimum of 6 products and a maximum of 20 before adding the pack to your cart.<\/p>\n","protected":false},"featured_media":19539,"template":"","meta":{"rank_math_title":"","rank_math_description":"","rank_math_canonical_url":"","rank_math_focus_keyword":""},"pwb-brand":[657],"product_brand":[],"product_cat":[1111],"product_tag":[1513],"class_list":{"0":"post-19538","1":"product","2":"type-product","3":"status-publish","4":"has-post-thumbnail","6":"pwb-brand-selectos-de-castilla","7":"product_cat-foie-gras-pates-en","8":"product_tag-selectos-de-castilla-en","10":"first","11":"instock","12":"taxable","13":"shipping-taxable","14":"purchasable","15":"product-type-woosb"},"brands":[{"id":657,"name":"Selectos de Castilla","slug":"selectos-de-castilla"}],"_links":{"self":[{"href":"https:\/\/iberosgourmet.com\/en\/wp-json\/wp\/v2\/product\/19538","targetHints":{"allow":["GET"]}}],"collection":[{"href":"https:\/\/iberosgourmet.com\/en\/wp-json\/wp\/v2\/product"}],"about":[{"href":"https:\/\/iberosgourmet.com\/en\/wp-json\/wp\/v2\/types\/product"}],"version-history":[{"count":0,"href":"https:\/\/iberosgourmet.com\/en\/wp-json\/wp\/v2\/product\/19538\/revisions"}],"wp:featuredmedia":[{"embeddable":true,"href":"https:\/\/iberosgourmet.com\/en\/wp-json\/wp\/v2\/media\/19539"}],"wp:attachment":[{"href":"https:\/\/iberosgourmet.com\/en\/wp-json\/wp\/v2\/media?parent=19538"}],"wp:term":[{"taxonomy":"pwb-brand","embeddable":true,"href":"https:\/\/iberosgourmet.com\/en\/wp-json\/wp\/v2\/pwb-brand?post=19538"},{"taxonomy":"product_brand","embeddable":true,"href":"https:\/\/iberosgourmet.com\/en\/wp-json\/wp\/v2\/product_brand?post=19538"},{"taxonomy":"product_cat","embeddable":true,"href":"https:\/\/iberosgourmet.com\/en\/wp-json\/wp\/v2\/product_cat?post=19538"},{"taxonomy":"product_tag","embeddable":true,"href":"https:\/\/iberosgourmet.com\/en\/wp-json\/wp\/v2\/product_tag?post=19538"}],"curies":[{"name":"wp","href":"https:\/\/api.w.org\/{rel}","templated":true}]}}