{"id":19517,"date":"2021-03-24T10:39:47","date_gmt":"2021-03-24T09:39:47","guid":{"rendered":"https:\/\/iberosgourmet.com\/tienda\/passport-scotch\/"},"modified":"2021-03-24T10:39:47","modified_gmt":"2021-03-24T09:39:47","slug":"passport-scotch","status":"publish","type":"product","link":"https:\/\/iberosgourmet.com\/en\/producto\/passport-scotch\/","title":{"rendered":"PASSPORT SCOTCH"},"content":{"rendered":"<p><strong>NOTA DE CATA DE PASSPORT SCOTCH WHISKY<br \/>\n<\/strong>A la vista: Passport es de color \u00e1mbar.<br \/>\nNose: Sweet, with a soft fruity aroma and nutty scent.<br \/>\nMouthfeel: Medium bodied. A very subtle, smooth and smoky flavour.<\/p>\n<p><strong>DATOS DE ELABORACI\u00d3N<br \/>\n<\/strong>Elaboraci\u00f3n: Passport se elabora con una selecci\u00f3n de whiskies escoceses producidos en la regi\u00f3n escocesa de Speyside, en la prestigiosa destiler\u00eda Glen Keith. Passport is a high quality whisky with a characteristically smooth flavour and fruity notes. It is ideal for blending in cocktails.<br \/>\nInspired by the 1960s and created in 1965, Passport is internationally recognised for its distinctive green rectangular bottle and 5-flag logo that captures and represents the essence and values of the 1960s.<br \/>\nAlcohol content: 40%Vol.<br \/>\nAverage ageing: Over 1 year.<br \/>\nDenomination: Blended Scotch Whisky.<\/p>\n<p><strong>CONSERVACI\u00d3N Y SUGERENCIAS DE CONSUMO<br \/>\n<\/strong>Como norma general, en lugares bien ventilados y alejados de fuentes de calor. Over time, some precipitation may appear in the bottle as a result of the natural process of ageing in wood. In this case it is sufficient to decant the brandy before consumption.<\/p>\n","protected":false},"excerpt":{"rendered":"<div class=\"product-brand\">\n<h4 class=\"product-brand-name\"><a href=\"https:\/\/www.osborne.es\/passport-scotch\/\">Passport Scotch<\/a><\/h4>\n<\/div>\n<div class=\"product attribute overview\">\n<div class=\"value\">\n<div id=\"short_description_content\" class=\"rte align_justify\">\n<p>Passport is a combination of the best. It contains a higher percentage of the famous Scotch single malts than many other blends.<\/p>\n<p>Passport is a Scotch whisky with an uncommonly seductive, fruity flavour and a deliciously creamy finish.<\/p>\n<\/div>\n<\/div>\n<\/div>\n","protected":false},"featured_media":17648,"template":"","meta":{"rank_math_title":"","rank_math_description":"","rank_math_canonical_url":"","rank_math_focus_keyword":""},"pwb-brand":[408],"product_brand":[],"product_cat":[1127,1051,1123],"product_tag":[1164],"class_list":{"0":"post-19517","1":"product","2":"type-product","3":"status-publish","4":"has-post-thumbnail","6":"pwb-brand-osborne","7":"product_cat-whisky-en","8":"product_cat-bodega-en","9":"product_cat-spirits","10":"product_tag-osborne-en","12":"first","13":"outofstock","14":"taxable","15":"shipping-taxable","16":"purchasable","17":"product-type-simple"},"brands":[{"id":408,"name":"Osborne","slug":"osborne"}],"_links":{"self":[{"href":"https:\/\/iberosgourmet.com\/en\/wp-json\/wp\/v2\/product\/19517","targetHints":{"allow":["GET"]}}],"collection":[{"href":"https:\/\/iberosgourmet.com\/en\/wp-json\/wp\/v2\/product"}],"about":[{"href":"https:\/\/iberosgourmet.com\/en\/wp-json\/wp\/v2\/types\/product"}],"version-history":[{"count":0,"href":"https:\/\/iberosgourmet.com\/en\/wp-json\/wp\/v2\/product\/19517\/revisions"}],"wp:featuredmedia":[{"embeddable":true,"href":"https:\/\/iberosgourmet.com\/en\/wp-json\/wp\/v2\/media\/17648"}],"wp:attachment":[{"href":"https:\/\/iberosgourmet.com\/en\/wp-json\/wp\/v2\/media?parent=19517"}],"wp:term":[{"taxonomy":"pwb-brand","embeddable":true,"href":"https:\/\/iberosgourmet.com\/en\/wp-json\/wp\/v2\/pwb-brand?post=19517"},{"taxonomy":"product_brand","embeddable":true,"href":"https:\/\/iberosgourmet.com\/en\/wp-json\/wp\/v2\/product_brand?post=19517"},{"taxonomy":"product_cat","embeddable":true,"href":"https:\/\/iberosgourmet.com\/en\/wp-json\/wp\/v2\/product_cat?post=19517"},{"taxonomy":"product_tag","embeddable":true,"href":"https:\/\/iberosgourmet.com\/en\/wp-json\/wp\/v2\/product_tag?post=19517"}],"curies":[{"name":"wp","href":"https:\/\/api.w.org\/{rel}","templated":true}]}}