{"id":19491,"date":"2021-03-25T15:37:04","date_gmt":"2021-03-25T14:37:04","guid":{"rendered":"https:\/\/iberosgourmet.com\/tienda\/cinco-jotas-tangram-el-jardin-del-eden\/"},"modified":"2021-03-25T15:37:04","modified_gmt":"2021-03-25T14:37:04","slug":"cinco-jotas-tangram-el-jardin-del-eden","status":"publish","type":"product","link":"https:\/\/iberosgourmet.com\/en\/producto\/cinco-jotas-tangram-el-jardin-del-eden\/","title":{"rendered":"CINCO JOTAS TANGRAM EL JARD\u00cdN DEL ED\u00c9N"},"content":{"rendered":"<h2 class=\"title_style_two gold\">Five Jacks Tangram The Garden of Eden<\/h2>\n<div class=\"clearfix\"><\/div>\n<div class=\"description_style_one\">Decorated with an original illustration designed by the contemporary artist Tito Merello Vilar, this beautiful colourful chest contains a tangram, one of the oldest board games, of Chinese origin. The pieces are perfect for serving and sharing Cinco Jotas in a different way.<\/div>\n<div><\/div>\n<div>\n<h3 class=\"title_style_one\">INCOMPARABLE PRESENTATION<\/h3>\n<h4 class=\"title_style_two\">A design by the artist Tito Merello<\/h4>\n<div class=\"clearfix\"><\/div>\n<hr class=\"hr_style_one\">\n<div class=\"clearfix\"><\/div>\n<p class=\"description_style_one\">This elegant presentation of Cinco Jotas sliced Iberian cured meats is made up of various blister packs with the most special hand-cut products: 100% Iberian ham, loin and presa de bellota (pork loin). A true work of art, both for the design of the illustration that decorates its unique packaging, and for the exquisite products that you will find inside. Ready to taste in the most original way.<\/p>\n<\/div>\n<p>&nbsp;<\/p>\n<h3 class=\"title_style_one\">UNIQUE TASTING<\/h3>\n<h4 class=\"title_style_two\">Cinco Jotas sliced Iberian cured meats. Extraordinary nuances<\/h4>\n<div class=\"clearfix\"><\/div>\n<hr class=\"hr_style_one\">\n<div class=\"clearfix\"><\/div>\n<p class=\"description_style_one\">The Tangram El Jard\u00edn del Ed\u00e9n box contains the great Cinco Jotas jewels, all of them vacuum-packed so that they can be enjoyed at the most appropriate moment. Let yourself be surprised by the unctuousness of the fat of the delicious sliced 100% Iberian Acorn-fed Ib\u00e9rico Jam\u00f3n Ib\u00e9rico, which remains intact due to its perfect preservation, just like the rest of the sliced Iberian cured meats included in this magnificent gift box.<\/p>\n","protected":false},"excerpt":{"rendered":"<p>A SELECTION OF THE BEST OF CINCO JOTAS AND CHINESE BOARD GAME PRESENTED IN A BEAUTIFUL BOX OF BRIGHT COLOURS.<\/p>\n<p>CINCO JOTAS TANGRAM IS AN EXCLUSIVE DESIGN MADE UP OF:<br \/>\n&#8211; 2 PACKS OF HAM 80G, 2 PACKS OF PRESA 80G AND 2 PACKS OF LOIN 80G.<br \/>\n&#8211; BAMBOO TANGRAM BOARD AND SET<br \/>\n&#8211; SET OF BAMBOO TONGS<br \/>\n&#8211; 2 LINEN AND COTTON NAPKINS<\/p>\n<p>SHARE FIVE JACKS IN A FUN WAY.<\/p>\n","protected":false},"featured_media":17777,"template":"","meta":{"rank_math_title":"","rank_math_description":"","rank_math_canonical_url":"","rank_math_focus_keyword":""},"pwb-brand":[408],"product_brand":[],"product_cat":[1104,1102,1103,1105],"product_tag":[1164],"class_list":{"0":"post-19491","1":"product","2":"type-product","3":"status-publish","4":"has-post-thumbnail","6":"pwb-brand-osborne","7":"product_cat-ham-and-shoulders","8":"product_cat-hams-cured-meats","9":"product_cat-iberian-cured-meats","10":"product_cat-other-acorn-fed-iberian-hams","11":"product_tag-osborne-en","13":"first","14":"instock","15":"taxable","16":"shipping-taxable","17":"purchasable","18":"product-type-simple"},"brands":[{"id":408,"name":"Osborne","slug":"osborne"}],"_links":{"self":[{"href":"https:\/\/iberosgourmet.com\/en\/wp-json\/wp\/v2\/product\/19491","targetHints":{"allow":["GET"]}}],"collection":[{"href":"https:\/\/iberosgourmet.com\/en\/wp-json\/wp\/v2\/product"}],"about":[{"href":"https:\/\/iberosgourmet.com\/en\/wp-json\/wp\/v2\/types\/product"}],"version-history":[{"count":0,"href":"https:\/\/iberosgourmet.com\/en\/wp-json\/wp\/v2\/product\/19491\/revisions"}],"wp:featuredmedia":[{"embeddable":true,"href":"https:\/\/iberosgourmet.com\/en\/wp-json\/wp\/v2\/media\/17777"}],"wp:attachment":[{"href":"https:\/\/iberosgourmet.com\/en\/wp-json\/wp\/v2\/media?parent=19491"}],"wp:term":[{"taxonomy":"pwb-brand","embeddable":true,"href":"https:\/\/iberosgourmet.com\/en\/wp-json\/wp\/v2\/pwb-brand?post=19491"},{"taxonomy":"product_brand","embeddable":true,"href":"https:\/\/iberosgourmet.com\/en\/wp-json\/wp\/v2\/product_brand?post=19491"},{"taxonomy":"product_cat","embeddable":true,"href":"https:\/\/iberosgourmet.com\/en\/wp-json\/wp\/v2\/product_cat?post=19491"},{"taxonomy":"product_tag","embeddable":true,"href":"https:\/\/iberosgourmet.com\/en\/wp-json\/wp\/v2\/product_tag?post=19491"}],"curies":[{"name":"wp","href":"https:\/\/api.w.org\/{rel}","templated":true}]}}