{"id":19447,"date":"2021-07-29T18:16:08","date_gmt":"2021-07-29T16:16:08","guid":{"rendered":"https:\/\/iberosgourmet.com\/tienda\/pitu-caleya-menu-with-michelin-stars\/"},"modified":"2021-07-29T18:16:08","modified_gmt":"2021-07-29T16:16:08","slug":"menu-pitu-caleya-with-michelin-stars","status":"publish","type":"product","link":"https:\/\/iberosgourmet.com\/en\/producto\/menu-pitu-caleya-with-michelin-stars\/","title":{"rendered":"PITU CALEYA menu with MICHELIN stars"},"content":{"rendered":"<p style=\"text-align: left;\">Put a menu by chefs Nacho and Esther Manzano on your table -for 4 people- with the most iconic dishes from the Traditional Menu of CASA MARCIAL (TWO Michelin Stars and THREE Repsol Suns) and LA SALGAR (ONE Michelin Star and TWO Repsol Suns), freshly cooked with top quality products, ready to heat and plate easily (instructions included). Pitu Caleya is a unique product whose excellence lies in its free-range rearing by exclusively selected breeders, as a guarantee of its characteristic dark meat and intense flavour. Delivery note: as this is an artisan product made for you, orders must be placed before Tuesday at 16:00 and delivery is on Friday before 13.30 with refrigerated transport.<\/p>\n","protected":false},"excerpt":{"rendered":"<p style=\"text-align: center;\"><strong>Menu for 4 people includes:<\/strong><br \/>\n<strong>PITU CALEYA SNACKS<\/strong><\/p>\n<p style=\"text-align: center;\">This is a classic Casa Marcial snack made up of corn toasts and a<br \/>\nPitu p\u00e2t\u00e9 that is served as a kind of sandwich. The rest of the Pitu P\u00e2t\u00e9 is<br \/>\ncan be served with toasted bread.<\/p>\n<p style=\"text-align: center;\"><strong>CROQUETTES CASA MARCIAL<\/strong><\/p>\n<p style=\"text-align: center;\">12 units of ham croquettes.<\/p>\n<p style=\"text-align: center;\"><strong>RICE WITH PITU CALEYA<\/strong><\/p>\n<p style=\"text-align: center;\">The elements to make the Rice with Pitu are delivered in packets.<br \/>\nindividually. The box contains the rice saut\u00e9ed in the sofrito, the broth to cook it in and the<br \/>\npart of the pitu meat to accompany the rice (wing and rib).<\/p>\n<p style=\"text-align: center;\"><strong>GUISADO PITU<\/strong><\/p>\n<p style=\"text-align: center;\">Stewed leg and thigh.<br \/>\nIncludes confit potatoes to finish off the frying as a garnish.<\/p>\n<p>Pitu Caleya is a unique product whose excellence lies in its free-range rearing by exclusively selected breeders, as a guarantee of its characteristic dark meat and intense flavour.<\/p>\n<p>Delivery note: as this is a handmade product made for you, orders must be placed before Tuesday at 16:00 and delivery is on Friday before 13.30 with refrigerated transport.<\/p>\n","protected":false},"featured_media":19448,"template":"","meta":{"rank_math_title":"","rank_math_description":"","rank_math_canonical_url":"","rank_math_focus_keyword":""},"pwb-brand":[647],"product_brand":[],"product_cat":[1049,1084,1082],"product_tag":[1279,1496],"class_list":{"0":"post-19447","1":"product","2":"type-product","3":"status-publish","4":"has-post-thumbnail","6":"pwb-brand-nacho-y-esther-manzano-chefs-michelin","7":"product_cat-gifts","8":"product_cat-michelin-stars-on-your-table","9":"product_cat-open-and-serve-at","10":"product_tag-highlights-august","11":"product_tag-michelin-stars-on-your-table","13":"first","14":"outofstock","15":"taxable","16":"shipping-taxable","17":"purchasable","18":"product-type-simple"},"brands":[{"id":647,"name":"Nacho y Esther Manzano Chefs MICHELIN","slug":"nacho-y-esther-manzano-chefs-michelin"}],"_links":{"self":[{"href":"https:\/\/iberosgourmet.com\/en\/wp-json\/wp\/v2\/product\/19447","targetHints":{"allow":["GET"]}}],"collection":[{"href":"https:\/\/iberosgourmet.com\/en\/wp-json\/wp\/v2\/product"}],"about":[{"href":"https:\/\/iberosgourmet.com\/en\/wp-json\/wp\/v2\/types\/product"}],"version-history":[{"count":0,"href":"https:\/\/iberosgourmet.com\/en\/wp-json\/wp\/v2\/product\/19447\/revisions"}],"wp:featuredmedia":[{"embeddable":true,"href":"https:\/\/iberosgourmet.com\/en\/wp-json\/wp\/v2\/media\/19448"}],"wp:attachment":[{"href":"https:\/\/iberosgourmet.com\/en\/wp-json\/wp\/v2\/media?parent=19447"}],"wp:term":[{"taxonomy":"pwb-brand","embeddable":true,"href":"https:\/\/iberosgourmet.com\/en\/wp-json\/wp\/v2\/pwb-brand?post=19447"},{"taxonomy":"product_brand","embeddable":true,"href":"https:\/\/iberosgourmet.com\/en\/wp-json\/wp\/v2\/product_brand?post=19447"},{"taxonomy":"product_cat","embeddable":true,"href":"https:\/\/iberosgourmet.com\/en\/wp-json\/wp\/v2\/product_cat?post=19447"},{"taxonomy":"product_tag","embeddable":true,"href":"https:\/\/iberosgourmet.com\/en\/wp-json\/wp\/v2\/product_tag?post=19447"}],"curies":[{"name":"wp","href":"https:\/\/api.w.org\/{rel}","templated":true}]}}