{"id":19434,"date":"2021-09-29T10:11:19","date_gmt":"2021-09-29T08:11:19","guid":{"rendered":"https:\/\/iberosgourmet.com\/tienda\/pedro-ximenez-wine-jam-6-jars-of-150g\/"},"modified":"2021-09-29T10:11:19","modified_gmt":"2021-09-29T08:11:19","slug":"mermelada-de-vino-pedro-ximenez-6-tarros-de-150gr","status":"publish","type":"product","link":"https:\/\/iberosgourmet.com\/en\/producto\/mermelada-de-vino-pedro-ximenez-6-tarros-de-150gr\/","title":{"rendered":"PEDRO XIM\u00c9NEZ WINE &#8220;JAM&#8221; 6 jars of 150g"},"content":{"rendered":"<p>Food pairing: ideal with cheeses, meats, p\u00e2t\u00e9s and non-sweet desserts.<\/p>\n<p>Handmade with Pedro Xim\u00e9nez wine from Sanl\u00facar de Barrameda, without adding water.<\/p>\n<p>No colouring or preservatives.<\/p>\n<p>Contains sulphites and a low percentage of alcohol.<\/p>\n<p>Pedro Xim\u00e9nez is made from grapes of the same name, which are raisined in the sun to obtain a must with an extraordinary concentration of sugars. ebony-coloured wine with iodised iridescence.<\/p>\n<p>The winemaking process:<\/p>\n<ul>\n<li>the wine is purchased at the winery<\/li>\n<li>is brought to our producer&#8217;s factory<\/li>\n<li>the ingredients are blended<\/li>\n<li>is cooked in a motorised pot<\/li>\n<li>the temperature is quickly lowered<\/li>\n<li>is bottled<\/li>\n<li>vacuum is created<\/li>\n<li>labelled MANUALLY<\/li>\n<li>packed in boxes of six<\/li>\n<li>and ready for you to enjoy<\/li>\n<\/ul>\n","protected":false},"excerpt":{"rendered":"<p>Pedro Xim\u00e9nez wine in spreadable version.<\/p>\n<p>Sweet jellied sauce handmade with Pedro Xim\u00e9nez wine from Sanl\u00facar de Barrameda.<\/p>\n<p>6 jars of 150 gr<\/p>\n","protected":false},"featured_media":18508,"template":"","meta":{"rank_math_title":"","rank_math_description":"","rank_math_canonical_url":"","rank_math_focus_keyword":""},"pwb-brand":[761],"product_brand":[],"product_cat":[1098,1076],"product_tag":[1322],"class_list":{"0":"post-19434","1":"product","2":"type-product","3":"status-publish","4":"has-post-thumbnail","6":"pwb-brand-mermeladas-de-vino-el-tesorillo","7":"product_cat-honey-and-jams","8":"product_cat-pantry","9":"product_tag-el-tesorillo-wine-jams","11":"first","12":"instock","13":"taxable","14":"shipping-taxable","15":"purchasable","16":"product-type-simple"},"brands":[{"id":761,"name":"Mermeladas de vino El Tesorillo","slug":"mermeladas-de-vino-el-tesorillo"}],"_links":{"self":[{"href":"https:\/\/iberosgourmet.com\/en\/wp-json\/wp\/v2\/product\/19434","targetHints":{"allow":["GET"]}}],"collection":[{"href":"https:\/\/iberosgourmet.com\/en\/wp-json\/wp\/v2\/product"}],"about":[{"href":"https:\/\/iberosgourmet.com\/en\/wp-json\/wp\/v2\/types\/product"}],"version-history":[{"count":0,"href":"https:\/\/iberosgourmet.com\/en\/wp-json\/wp\/v2\/product\/19434\/revisions"}],"wp:featuredmedia":[{"embeddable":true,"href":"https:\/\/iberosgourmet.com\/en\/wp-json\/wp\/v2\/media\/18508"}],"wp:attachment":[{"href":"https:\/\/iberosgourmet.com\/en\/wp-json\/wp\/v2\/media?parent=19434"}],"wp:term":[{"taxonomy":"pwb-brand","embeddable":true,"href":"https:\/\/iberosgourmet.com\/en\/wp-json\/wp\/v2\/pwb-brand?post=19434"},{"taxonomy":"product_brand","embeddable":true,"href":"https:\/\/iberosgourmet.com\/en\/wp-json\/wp\/v2\/product_brand?post=19434"},{"taxonomy":"product_cat","embeddable":true,"href":"https:\/\/iberosgourmet.com\/en\/wp-json\/wp\/v2\/product_cat?post=19434"},{"taxonomy":"product_tag","embeddable":true,"href":"https:\/\/iberosgourmet.com\/en\/wp-json\/wp\/v2\/product_tag?post=19434"}],"curies":[{"name":"wp","href":"https:\/\/api.w.org\/{rel}","templated":true}]}}