{"id":19426,"date":"2021-03-25T17:42:41","date_gmt":"2021-03-25T16:42:41","guid":{"rendered":"https:\/\/iberosgourmet.com\/tienda\/senorio-de-sarria-gran-reserva-box-of-6-units\/"},"modified":"2023-04-10T18:12:48","modified_gmt":"2023-04-10T16:12:48","slug":"senorio-de-sarria-gran-reserva","status":"publish","type":"product","link":"https:\/\/iberosgourmet.com\/en\/producto\/senorio-de-sarria-gran-reserva\/","title":{"rendered":"SE\u00d1OR\u00cdO DE SARR\u00cdA GRAN RESERVA | BOX OF 6 UNITS"},"content":{"rendered":"","protected":false},"excerpt":{"rendered":"<p>Intense red covered. Medium-high intensity aromas, spicy and balsamic. Tasty, complex. Milky tones, prunes, caramel and black fruit. Well-integrated wood. <strong><a href=\"http:\/\/www.bornosbodegas.com\/wp-content\/uploads\/2019\/04\/FT-SENORIO-DE-SARRIA-Gran-Reserva-2010.pdf\" target=\"_blank\" rel=\"noopener noreferrer\">See technical sheet<\/a><\/strong><\/p>\n<p>BOX OF 6 BOTTLES<\/p>\n","protected":false},"featured_media":17858,"template":"","meta":{"rank_math_title":"","rank_math_description":"","rank_math_canonical_url":"","rank_math_focus_keyword":""},"pwb-brand":[403],"product_brand":[],"product_cat":[1051,1117,1053],"product_tag":[1453,1459],"class_list":{"0":"post-19426","1":"product","2":"type-product","3":"status-publish","4":"has-post-thumbnail","6":"pwb-brand-bornos","7":"product_cat-bodega-en","8":"product_cat-navarra-en","9":"product_cat-wines","10":"product_tag-bornos-en","11":"product_tag-senorio-de-sarria-en","13":"first","14":"instock","15":"sale","16":"taxable","17":"shipping-taxable","18":"purchasable","19":"product-type-simple"},"brands":[{"id":403,"name":"Bornos","slug":"bornos"}],"_links":{"self":[{"href":"https:\/\/iberosgourmet.com\/en\/wp-json\/wp\/v2\/product\/19426","targetHints":{"allow":["GET"]}}],"collection":[{"href":"https:\/\/iberosgourmet.com\/en\/wp-json\/wp\/v2\/product"}],"about":[{"href":"https:\/\/iberosgourmet.com\/en\/wp-json\/wp\/v2\/types\/product"}],"version-history":[{"count":1,"href":"https:\/\/iberosgourmet.com\/en\/wp-json\/wp\/v2\/product\/19426\/revisions"}],"predecessor-version":[{"id":19431,"href":"https:\/\/iberosgourmet.com\/en\/wp-json\/wp\/v2\/product\/19426\/revisions\/19431"}],"wp:featuredmedia":[{"embeddable":true,"href":"https:\/\/iberosgourmet.com\/en\/wp-json\/wp\/v2\/media\/17858"}],"wp:attachment":[{"href":"https:\/\/iberosgourmet.com\/en\/wp-json\/wp\/v2\/media?parent=19426"}],"wp:term":[{"taxonomy":"pwb-brand","embeddable":true,"href":"https:\/\/iberosgourmet.com\/en\/wp-json\/wp\/v2\/pwb-brand?post=19426"},{"taxonomy":"product_brand","embeddable":true,"href":"https:\/\/iberosgourmet.com\/en\/wp-json\/wp\/v2\/product_brand?post=19426"},{"taxonomy":"product_cat","embeddable":true,"href":"https:\/\/iberosgourmet.com\/en\/wp-json\/wp\/v2\/product_cat?post=19426"},{"taxonomy":"product_tag","embeddable":true,"href":"https:\/\/iberosgourmet.com\/en\/wp-json\/wp\/v2\/product_tag?post=19426"}],"curies":[{"name":"wp","href":"https:\/\/api.w.org\/{rel}","templated":true}]}}