{"id":19422,"date":"2021-03-25T17:54:33","date_gmt":"2021-03-25T16:54:33","guid":{"rendered":"https:\/\/iberosgourmet.com\/tienda\/senorio-de-sarria-reserva-especial-box-of-6-units\/"},"modified":"2021-03-25T17:54:33","modified_gmt":"2021-03-25T16:54:33","slug":"senorio-sarria-reserva-especial","status":"publish","type":"product","link":"https:\/\/iberosgourmet.com\/en\/producto\/senorio-sarria-reserva-especial\/","title":{"rendered":"SE\u00d1OR\u00cdO DE SARR\u00cdA RESERVA ESPECIAL | BOX OF 6 UNITS"},"content":{"rendered":"","protected":false},"excerpt":{"rendered":"<p>Intense cherry red colour. Powerful aroma, with fine toasted notes, spices, vanilla, cocoa and soft roasted notes. Elegant and structured on the palate, with notes of ripe fruit, balsamic and dairy. <strong>Gold Medal Mundus Vini. Silver Medal Decanter World Wine Awards.<\/strong><strong><a href=\"https:\/\/www.clubbornos.com\/wp-content\/uploads\/2021\/03\/FT_SENORIO_DE_SARRIA_Reserva_Especial_2015.pdf\" target=\"_blank\" rel=\"noopener noreferrer\">. See technical sheet<\/a><\/strong><\/p>\n<p>BOX OF 6 BOTTLES<\/p>\n","protected":false},"featured_media":17854,"template":"","meta":{"rank_math_title":"","rank_math_description":"","rank_math_canonical_url":"","rank_math_focus_keyword":""},"pwb-brand":[403],"product_brand":[],"product_cat":[1051,1117,1053],"product_tag":[1453,1459],"class_list":{"0":"post-19422","1":"product","2":"type-product","3":"status-publish","4":"has-post-thumbnail","6":"pwb-brand-bornos","7":"product_cat-bodega-en","8":"product_cat-navarra-en","9":"product_cat-wines","10":"product_tag-bornos-en","11":"product_tag-senorio-de-sarria-en","13":"first","14":"instock","15":"sale","16":"taxable","17":"shipping-taxable","18":"purchasable","19":"product-type-simple"},"brands":[{"id":403,"name":"Bornos","slug":"bornos"}],"_links":{"self":[{"href":"https:\/\/iberosgourmet.com\/en\/wp-json\/wp\/v2\/product\/19422","targetHints":{"allow":["GET"]}}],"collection":[{"href":"https:\/\/iberosgourmet.com\/en\/wp-json\/wp\/v2\/product"}],"about":[{"href":"https:\/\/iberosgourmet.com\/en\/wp-json\/wp\/v2\/types\/product"}],"version-history":[{"count":0,"href":"https:\/\/iberosgourmet.com\/en\/wp-json\/wp\/v2\/product\/19422\/revisions"}],"wp:featuredmedia":[{"embeddable":true,"href":"https:\/\/iberosgourmet.com\/en\/wp-json\/wp\/v2\/media\/17854"}],"wp:attachment":[{"href":"https:\/\/iberosgourmet.com\/en\/wp-json\/wp\/v2\/media?parent=19422"}],"wp:term":[{"taxonomy":"pwb-brand","embeddable":true,"href":"https:\/\/iberosgourmet.com\/en\/wp-json\/wp\/v2\/pwb-brand?post=19422"},{"taxonomy":"product_brand","embeddable":true,"href":"https:\/\/iberosgourmet.com\/en\/wp-json\/wp\/v2\/product_brand?post=19422"},{"taxonomy":"product_cat","embeddable":true,"href":"https:\/\/iberosgourmet.com\/en\/wp-json\/wp\/v2\/product_cat?post=19422"},{"taxonomy":"product_tag","embeddable":true,"href":"https:\/\/iberosgourmet.com\/en\/wp-json\/wp\/v2\/product_tag?post=19422"}],"curies":[{"name":"wp","href":"https:\/\/api.w.org\/{rel}","templated":true}]}}