{"id":19401,"date":"2021-03-25T17:33:32","date_gmt":"2021-03-25T16:33:32","guid":{"rendered":"https:\/\/iberosgourmet.com\/tienda\/senorio-de-sarria-crianza-box-of-6-units\/"},"modified":"2023-04-10T17:41:39","modified_gmt":"2023-04-10T15:41:39","slug":"senorio-de-sarria-crianza","status":"publish","type":"product","link":"https:\/\/iberosgourmet.com\/en\/producto\/senorio-de-sarria-crianza\/","title":{"rendered":"SE\u00d1OR\u00cdO DE SARR\u00cdA CRIANZA | BOX OF 6 UNITS"},"content":{"rendered":"","protected":false},"excerpt":{"rendered":"<p>Dark cherry red colour. Aroma of red fruits with a background of vanilla, roasted and balsamic notes. Good fruit expression on the palate, with balanced acidity and good length. Gold <strong>Medal Mundus Vini 2020<\/strong>. <strong><a href=\"https:\/\/www.clubbornos.com\/wp-content\/uploads\/2021\/03\/FT_SENORIO_DE_SARRIA_Crianza_2017.pdf\" target=\"_blank\" rel=\"noopener noreferrer\">See technical sheet<\/a><\/strong><\/p>\n<p>BOX OF 6 BOTTLES<\/p>\n","protected":false},"featured_media":17860,"template":"","meta":{"rank_math_title":"","rank_math_description":"","rank_math_canonical_url":"","rank_math_focus_keyword":""},"pwb-brand":[403],"product_brand":[],"product_cat":[1051,1117,1053],"product_tag":[1453,1459],"class_list":{"0":"post-19401","1":"product","2":"type-product","3":"status-publish","4":"has-post-thumbnail","6":"pwb-brand-bornos","7":"product_cat-bodega-en","8":"product_cat-navarra-en","9":"product_cat-wines","10":"product_tag-bornos-en","11":"product_tag-senorio-de-sarria-en","13":"first","14":"instock","15":"taxable","16":"shipping-taxable","17":"purchasable","18":"product-type-simple"},"brands":[{"id":403,"name":"Bornos","slug":"bornos"}],"_links":{"self":[{"href":"https:\/\/iberosgourmet.com\/en\/wp-json\/wp\/v2\/product\/19401","targetHints":{"allow":["GET"]}}],"collection":[{"href":"https:\/\/iberosgourmet.com\/en\/wp-json\/wp\/v2\/product"}],"about":[{"href":"https:\/\/iberosgourmet.com\/en\/wp-json\/wp\/v2\/types\/product"}],"version-history":[{"count":1,"href":"https:\/\/iberosgourmet.com\/en\/wp-json\/wp\/v2\/product\/19401\/revisions"}],"predecessor-version":[{"id":19405,"href":"https:\/\/iberosgourmet.com\/en\/wp-json\/wp\/v2\/product\/19401\/revisions\/19405"}],"wp:featuredmedia":[{"embeddable":true,"href":"https:\/\/iberosgourmet.com\/en\/wp-json\/wp\/v2\/media\/17860"}],"wp:attachment":[{"href":"https:\/\/iberosgourmet.com\/en\/wp-json\/wp\/v2\/media?parent=19401"}],"wp:term":[{"taxonomy":"pwb-brand","embeddable":true,"href":"https:\/\/iberosgourmet.com\/en\/wp-json\/wp\/v2\/pwb-brand?post=19401"},{"taxonomy":"product_brand","embeddable":true,"href":"https:\/\/iberosgourmet.com\/en\/wp-json\/wp\/v2\/product_brand?post=19401"},{"taxonomy":"product_cat","embeddable":true,"href":"https:\/\/iberosgourmet.com\/en\/wp-json\/wp\/v2\/product_cat?post=19401"},{"taxonomy":"product_tag","embeddable":true,"href":"https:\/\/iberosgourmet.com\/en\/wp-json\/wp\/v2\/product_tag?post=19401"}],"curies":[{"name":"wp","href":"https:\/\/api.w.org\/{rel}","templated":true}]}}