{"id":19398,"date":"2021-09-21T13:36:11","date_gmt":"2021-09-21T11:36:11","guid":{"rendered":"https:\/\/iberosgourmet.com\/tienda\/seleccion-1-case-1-bot-senorio-sarria-special-reserve\/"},"modified":"2021-09-21T13:36:11","modified_gmt":"2021-09-21T11:36:11","slug":"seleccion-1-estuche-1-bot-senorio-sarria-reserva-especial","status":"publish","type":"product","link":"https:\/\/iberosgourmet.com\/en\/producto\/seleccion-1-estuche-1-bot-senorio-sarria-reserva-especial\/","title":{"rendered":"Selecci\u00f3n 1 Case 1 bot. Se\u00f1or\u00edo Sarr\u00eda Special Reserve"},"content":{"rendered":"","protected":false},"excerpt":{"rendered":"<div class=\"elementor-element elementor-element-c4c121e elementor-widget elementor-widget-shortcode\" data-id=\"c4c121e\" data-element_type=\"widget\" data-widget_type=\"shortcode.default\">\n<div class=\"elementor-widget-container\">\n<div class=\"elementor-shortcode\">\n<section class=\"elementor-section elementor-inner-section elementor-element elementor-element-4be278f9 elementor-section-content-middle dc-has-condition dc-condition-empty elementor-section-boxed elementor-section-height-default elementor-section-height-default\" data-id=\"4be278f9\" data-element_type=\"section\">\n<div class=\"elementor-container elementor-column-gap-default\">\n<div class=\"elementor-row\">\n<div class=\"elementor-column elementor-col-50 elementor-inner-column elementor-element elementor-element-3a755efe\" data-id=\"3a755efe\" data-element_type=\"column\">\n<div class=\"elementor-column-wrap elementor-element-populated\">\n<div class=\"elementor-widget-wrap\">\n<div class=\"elementor-element elementor-element-3741deab elementor-widget__width-auto elementor-widget elementor-widget-image\" data-id=\"3741deab\" data-element_type=\"widget\" data-widget_type=\"image.default\">\n<div class=\"elementor-widget-container\">\n<div class=\"elementor-image\"><img decoding=\"async\" class=\"attachment-large size-large\" src=\"https:\/\/www.clubbornos.com\/wp-content\/uploads\/2020\/08\/uva-1.png\" alt=\"\" width=\"19\" height=\"17\"> Structured around the Cabernet Sauvignon variety.<\/div>\n<\/div>\n<\/div>\n<\/div>\n<\/div>\n<\/div>\n<\/div>\n<\/div>\n<\/section>\n<section class=\"elementor-section elementor-inner-section elementor-element elementor-element-13ee7400 elementor-section-content-middle dc-has-condition dc-condition-empty elementor-section-boxed elementor-section-height-default elementor-section-height-default\" data-id=\"13ee7400\" data-element_type=\"section\">\n<div class=\"elementor-container elementor-column-gap-default\">\n<div class=\"elementor-row\">\n<div class=\"elementor-column elementor-col-50 elementor-inner-column elementor-element elementor-element-70dd514d\" data-id=\"70dd514d\" data-element_type=\"column\">\n<div class=\"elementor-column-wrap elementor-element-populated\">\n<div class=\"elementor-widget-wrap\">\n<div class=\"elementor-element elementor-element-701c1d44 elementor-widget__width-auto elementor-widget-tablet__width-auto elementor-widget elementor-widget-image\" data-id=\"701c1d44\" data-element_type=\"widget\" data-widget_type=\"image.default\">\n<div class=\"elementor-widget-container\">\n<div class=\"elementor-image\"><img decoding=\"async\" class=\"attachment-large size-large\" src=\"https:\/\/www.clubbornos.com\/wp-content\/uploads\/2020\/08\/crianza-1.png\" alt=\"\" width=\"19\" height=\"17\"> Aged for two years in new French and American oak barrels.<\/div>\n<\/div>\n<\/div>\n<\/div>\n<\/div>\n<\/div>\n<\/div>\n<\/div>\n<\/section>\n<div class=\"elementor-element elementor-element-c4c121e elementor-widget elementor-widget-shortcode\" data-id=\"c4c121e\" data-element_type=\"widget\" data-widget_type=\"shortcode.default\">\n<div class=\"elementor-widget-container\">\n<div class=\"elementor-shortcode\"><b>Vintage<\/b>: 2015<\/div>\n<\/div>\n<\/div>\n<div class=\"elementor-element elementor-element-70159c8c elementor-widget elementor-widget-woocommerce-product-short-description\" data-id=\"70159c8c\" data-element_type=\"widget\" data-widget_type=\"woocommerce-product-short-description.default\">\n<div class=\"elementor-widget-container\">\n<div class=\"woocommerce-product-details__short-description\">\n<p>Intense cherry red colour. Powerful aroma, with fine toasted notes, spices, vanilla, cocoa and soft roasted notes. Elegant and structured on the palate, with notes of ripe fruit, balsamic and dairy. <strong>Gold Medal Mundus Vini. Silver Medal Decanter World Wine Awards.<\/strong> Available in individual box.<\/p>\n<\/div>\n<\/div>\n<\/div>\n<\/div>\n<\/div>\n<\/div>\n","protected":false},"featured_media":19399,"template":"","meta":{"rank_math_title":"","rank_math_description":"","rank_math_canonical_url":"","rank_math_focus_keyword":""},"pwb-brand":[403],"product_brand":[],"product_cat":[1051,1117,1053],"product_tag":[1453,1459],"class_list":{"0":"post-19398","1":"product","2":"type-product","3":"status-publish","4":"has-post-thumbnail","6":"pwb-brand-bornos","7":"product_cat-bodega-en","8":"product_cat-navarra-en","9":"product_cat-wines","10":"product_tag-bornos-en","11":"product_tag-senorio-de-sarria-en","13":"first","14":"instock","15":"taxable","16":"shipping-taxable","17":"purchasable","18":"product-type-simple"},"brands":[{"id":403,"name":"Bornos","slug":"bornos"}],"_links":{"self":[{"href":"https:\/\/iberosgourmet.com\/en\/wp-json\/wp\/v2\/product\/19398","targetHints":{"allow":["GET"]}}],"collection":[{"href":"https:\/\/iberosgourmet.com\/en\/wp-json\/wp\/v2\/product"}],"about":[{"href":"https:\/\/iberosgourmet.com\/en\/wp-json\/wp\/v2\/types\/product"}],"version-history":[{"count":0,"href":"https:\/\/iberosgourmet.com\/en\/wp-json\/wp\/v2\/product\/19398\/revisions"}],"wp:featuredmedia":[{"embeddable":true,"href":"https:\/\/iberosgourmet.com\/en\/wp-json\/wp\/v2\/media\/19399"}],"wp:attachment":[{"href":"https:\/\/iberosgourmet.com\/en\/wp-json\/wp\/v2\/media?parent=19398"}],"wp:term":[{"taxonomy":"pwb-brand","embeddable":true,"href":"https:\/\/iberosgourmet.com\/en\/wp-json\/wp\/v2\/pwb-brand?post=19398"},{"taxonomy":"product_brand","embeddable":true,"href":"https:\/\/iberosgourmet.com\/en\/wp-json\/wp\/v2\/product_brand?post=19398"},{"taxonomy":"product_cat","embeddable":true,"href":"https:\/\/iberosgourmet.com\/en\/wp-json\/wp\/v2\/product_cat?post=19398"},{"taxonomy":"product_tag","embeddable":true,"href":"https:\/\/iberosgourmet.com\/en\/wp-json\/wp\/v2\/product_tag?post=19398"}],"curies":[{"name":"wp","href":"https:\/\/api.w.org\/{rel}","templated":true}]}}