{"id":19378,"date":"2021-09-21T13:03:49","date_gmt":"2021-09-21T11:03:49","guid":{"rendered":"https:\/\/iberosgourmet.com\/tienda\/selection-3-wooden-box-3-bot-la-caprichosa-senorio-de-sarria-no5-and-lleiroso-reserva\/"},"modified":"2021-09-21T13:03:49","modified_gmt":"2021-09-21T11:03:49","slug":"seleccion-3-caja-madera-3-bot-la-caprichosa-senorio-de-sarria-no5-y-lleiroso-reserva","status":"publish","type":"product","link":"https:\/\/iberosgourmet.com\/en\/producto\/seleccion-3-caja-madera-3-bot-la-caprichosa-senorio-de-sarria-no5-y-lleiroso-reserva\/","title":{"rendered":"Selection 3 &#8211; Wooden Box 3 bot. (La Caprichosa, Se\u00f1or\u00edo de Sarr\u00eda N\u00ba5 and Lleiroso Reserva)"},"content":{"rendered":"","protected":false},"excerpt":{"rendered":"<div class=\"elementor-element elementor-element-c4c121e elementor-widget elementor-widget-shortcode\" data-id=\"c4c121e\" data-element_type=\"widget\" data-widget_type=\"shortcode.default\">\n<div class=\"elementor-widget-container\">\n<div class=\"elementor-shortcode\"><b>Vintage<\/b>: 2014, 2017, 2019<\/div>\n<\/div>\n<\/div>\n<div class=\"elementor-element elementor-element-70159c8c elementor-widget elementor-widget-woocommerce-product-short-description\" data-id=\"70159c8c\" data-element_type=\"widget\" data-widget_type=\"woocommerce-product-short-description.default\">\n<div class=\"elementor-widget-container\">\n<div class=\"woocommerce-product-details__short-description\">\n<p><b>Palacio de Bornos La Caprichosa. 100% Verdejo Vi\u00f1as Viejas. Aged on its lees.<\/b> Bright straw yellow colour, with greenish reflections. Intense and complex aroma, with notes of ripe white fruit and mineral hints. Fresh and frank in the mouth, with volume, smooth and persistent. <b>92 points by Tim Atkin.<\/b><\/p>\n<p><b>Se\u00f1or\u00edo de Sarr\u00eda Vi\u00f1edo n\u00ba5. 100% Garnacha Vi\u00f1as Viejas. <\/b>Crimson red colour. Intense aromas of strawberry candy, lychee, grapefruit and berries. Fresh and fruity palate, with a smooth and unctuous entry. Balanced, long and persistent. <b>Gold Medal Mundus Vini 2020. Gold Medal Berliner Wein Trophy 2020.<\/b><\/p>\n<p><b>Lleiroso Reserva. 100% Tempranillo. Aged for 15 months in French oak barrels.<\/b> Deep ruby red colour with garnet rim. Intense nose, with notes of toast and well-integrated ripe red fruit. Noble, ripe tannins on the palate, with volume and very good acidity. Long aftertaste. <b>Gold Medal Concours Mondial de Bruxelles. Gold Medal Mundus Vini. Gold Medal Challenge International du Vin.<\/b><\/p>\n<\/div>\n<\/div>\n<\/div>\n","protected":false},"featured_media":19379,"template":"","meta":{"rank_math_title":"","rank_math_description":"","rank_math_canonical_url":"","rank_math_focus_keyword":""},"pwb-brand":[403],"product_brand":[],"product_cat":[1051,1117,1118,1053],"product_tag":[1453,1459],"class_list":{"0":"post-19378","1":"product","2":"type-product","3":"status-publish","4":"has-post-thumbnail","6":"pwb-brand-bornos","7":"product_cat-bodega-en","8":"product_cat-navarra-en","9":"product_cat-ribera-en","10":"product_cat-wines","11":"product_tag-bornos-en","12":"product_tag-senorio-de-sarria-en","14":"first","15":"instock","16":"taxable","17":"shipping-taxable","18":"purchasable","19":"product-type-simple"},"brands":[{"id":403,"name":"Bornos","slug":"bornos"}],"_links":{"self":[{"href":"https:\/\/iberosgourmet.com\/en\/wp-json\/wp\/v2\/product\/19378","targetHints":{"allow":["GET"]}}],"collection":[{"href":"https:\/\/iberosgourmet.com\/en\/wp-json\/wp\/v2\/product"}],"about":[{"href":"https:\/\/iberosgourmet.com\/en\/wp-json\/wp\/v2\/types\/product"}],"version-history":[{"count":0,"href":"https:\/\/iberosgourmet.com\/en\/wp-json\/wp\/v2\/product\/19378\/revisions"}],"wp:featuredmedia":[{"embeddable":true,"href":"https:\/\/iberosgourmet.com\/en\/wp-json\/wp\/v2\/media\/19379"}],"wp:attachment":[{"href":"https:\/\/iberosgourmet.com\/en\/wp-json\/wp\/v2\/media?parent=19378"}],"wp:term":[{"taxonomy":"pwb-brand","embeddable":true,"href":"https:\/\/iberosgourmet.com\/en\/wp-json\/wp\/v2\/pwb-brand?post=19378"},{"taxonomy":"product_brand","embeddable":true,"href":"https:\/\/iberosgourmet.com\/en\/wp-json\/wp\/v2\/product_brand?post=19378"},{"taxonomy":"product_cat","embeddable":true,"href":"https:\/\/iberosgourmet.com\/en\/wp-json\/wp\/v2\/product_cat?post=19378"},{"taxonomy":"product_tag","embeddable":true,"href":"https:\/\/iberosgourmet.com\/en\/wp-json\/wp\/v2\/product_tag?post=19378"}],"curies":[{"name":"wp","href":"https:\/\/api.w.org\/{rel}","templated":true}]}}