{"id":19372,"date":"2021-09-21T13:03:57","date_gmt":"2021-09-21T11:03:57","guid":{"rendered":"https:\/\/iberosgourmet.com\/tienda\/selection-4-wooden-box-6-bot-2-la-caprichosa-2-senorio-de-sarria-no5-and-2-martinez-corta-crianza\/"},"modified":"2021-09-21T13:03:57","modified_gmt":"2021-09-21T11:03:57","slug":"seleccion-4-caja-madera-6-bot","status":"publish","type":"product","link":"https:\/\/iberosgourmet.com\/en\/producto\/seleccion-4-caja-madera-6-bot\/","title":{"rendered":"Selection 4 &#8211; Wooden Box 6 bot. (2 La Caprichosa, 2 Se\u00f1or\u00edo de Sarr\u00eda N\u00ba5 and 2 Mart\u00ednez Corta Crianza)"},"content":{"rendered":"","protected":false},"excerpt":{"rendered":"<div class=\"elementor-element elementor-element-c4c121e elementor-widget elementor-widget-shortcode\" data-id=\"c4c121e\" data-element_type=\"widget\" data-widget_type=\"shortcode.default\">\n<div class=\"elementor-widget-container\">\n<div class=\"elementor-shortcode\"><b>Vintage<\/b>: 2016, 2019<\/div>\n<\/div>\n<\/div>\n<div class=\"elementor-element elementor-element-70159c8c elementor-widget elementor-widget-woocommerce-product-short-description\" data-id=\"70159c8c\" data-element_type=\"widget\" data-widget_type=\"woocommerce-product-short-description.default\">\n<div class=\"elementor-widget-container\">\n<div class=\"woocommerce-product-details__short-description\">\n<p><b>2 bot. Palacio de Bornos La Caprichosa. 100% Verdejo Vi\u00f1as Viejas. Aged on its lees.<\/b> Bright straw yellow colour, with greenish reflections. Intense and complex aroma, with notes of ripe white fruit and mineral hints. Fresh and frank in the mouth, with volume, smooth and persistent. <b>92 points by Tim Atkin.<\/b><\/p>\n<p><b>2 bot. Se\u00f1or\u00edo de Sarr\u00eda Vi\u00f1edo n\u00ba5. 100% Garnacha Vi\u00f1as Viejas. <\/b>Crimson red colour. Intense aromas of strawberry candy, lychee, grapefruit and berries. Fresh and fruity palate, with a smooth and unctuous entry. Balanced, long and persistent. <b>Gold Medal Mundus Vini 2020. Gold Medal Berliner Wein Trophy 2020.<\/b><\/p>\n<p><b>2 bot. Mart\u00ednez Corta Crianza. 100% Tempranillo. Aged for 12 months in French and American oak barrels.<\/b> With aromas of red and black fruit jam, over a background of toast and light balsamic notes. Smooth, well-integrated tannins on the palate. Balanced, tasty and persistent, with roasted and spicy notes. <b>Silver Medal International Wine Challenge 2020.<\/b><\/p>\n<\/div>\n<\/div>\n<\/div>\n","protected":false},"featured_media":19373,"template":"","meta":{"rank_math_title":"","rank_math_description":"","rank_math_canonical_url":"","rank_math_focus_keyword":""},"pwb-brand":[403],"product_brand":[],"product_cat":[1051,1117,1118,1119,1053],"product_tag":[1453,1459],"class_list":{"0":"post-19372","1":"product","2":"type-product","3":"status-publish","4":"has-post-thumbnail","6":"pwb-brand-bornos","7":"product_cat-bodega-en","8":"product_cat-navarra-en","9":"product_cat-ribera-en","10":"product_cat-rioja-en","11":"product_cat-wines","12":"product_tag-bornos-en","13":"product_tag-senorio-de-sarria-en","15":"first","16":"instock","17":"taxable","18":"shipping-taxable","19":"purchasable","20":"product-type-simple"},"brands":[{"id":403,"name":"Bornos","slug":"bornos"}],"_links":{"self":[{"href":"https:\/\/iberosgourmet.com\/en\/wp-json\/wp\/v2\/product\/19372","targetHints":{"allow":["GET"]}}],"collection":[{"href":"https:\/\/iberosgourmet.com\/en\/wp-json\/wp\/v2\/product"}],"about":[{"href":"https:\/\/iberosgourmet.com\/en\/wp-json\/wp\/v2\/types\/product"}],"version-history":[{"count":0,"href":"https:\/\/iberosgourmet.com\/en\/wp-json\/wp\/v2\/product\/19372\/revisions"}],"wp:featuredmedia":[{"embeddable":true,"href":"https:\/\/iberosgourmet.com\/en\/wp-json\/wp\/v2\/media\/19373"}],"wp:attachment":[{"href":"https:\/\/iberosgourmet.com\/en\/wp-json\/wp\/v2\/media?parent=19372"}],"wp:term":[{"taxonomy":"pwb-brand","embeddable":true,"href":"https:\/\/iberosgourmet.com\/en\/wp-json\/wp\/v2\/pwb-brand?post=19372"},{"taxonomy":"product_brand","embeddable":true,"href":"https:\/\/iberosgourmet.com\/en\/wp-json\/wp\/v2\/product_brand?post=19372"},{"taxonomy":"product_cat","embeddable":true,"href":"https:\/\/iberosgourmet.com\/en\/wp-json\/wp\/v2\/product_cat?post=19372"},{"taxonomy":"product_tag","embeddable":true,"href":"https:\/\/iberosgourmet.com\/en\/wp-json\/wp\/v2\/product_tag?post=19372"}],"curies":[{"name":"wp","href":"https:\/\/api.w.org\/{rel}","templated":true}]}}