{"id":19170,"date":"2021-07-19T18:16:11","date_gmt":"2021-07-19T16:16:11","guid":{"rendered":"https:\/\/iberosgourmet.com\/tienda\/phaisan-pate-x-5\/"},"modified":"2021-07-19T18:16:11","modified_gmt":"2021-07-19T16:16:11","slug":"pate-de-faisan-x-5","status":"publish","type":"product","link":"https:\/\/iberosgourmet.com\/en\/producto\/pate-de-faisan-x-5\/","title":{"rendered":"PHAISAN P\u00e2TE x 5"},"content":{"rendered":"<p>This p\u00e2t\u00e9 is different from the rest, made with pheasant liver to which we add fruity touches to achieve that different texture.<\/p>\n<p>It combines fruity acid touches with other sweeter touches added by the onion.<\/p>\n<p>Ingredients: pheasant meat, pheasant liver, oil, onion, mushrooms, salt, apple, banana, white wine, juniper, duck fat, cream and egg.<\/p>\n<p>Keep in a cool place.<\/p>\n<p><a href=\"https:\/\/iberosgourmet.com\/wp-content\/uploads\/2021\/07\/FICHA-TECNICA-DE-PRODUCTO-PATE.pdf\">Download pheasant p\u00e2t\u00e9 technical sheet<\/a><\/p>\n","protected":false},"excerpt":{"rendered":"<p>Exclusive p\u00e2t\u00e9 made with pheasant liver.<\/p>\n<p>The pack includes 5 jars of 90 gr.<\/p>\n","protected":false},"featured_media":19112,"template":"","meta":{"rank_math_title":"","rank_math_description":"","rank_math_canonical_url":"","rank_math_focus_keyword":""},"pwb-brand":[623],"product_brand":[],"product_cat":[1083,1082,1108],"product_tag":[1278],"class_list":{"0":"post-19170","1":"product","2":"type-product","3":"status-publish","4":"has-post-thumbnail","6":"pwb-brand-conservas-amo","7":"product_cat-appetizers-and-starters","8":"product_cat-open-and-serve-at","9":"product_cat-preserves-en","10":"product_tag-amo-preserves","12":"first","13":"instock","14":"taxable","15":"shipping-taxable","16":"purchasable","17":"product-type-simple"},"brands":[{"id":623,"name":"Conservas Amo","slug":"conservas-amo"}],"_links":{"self":[{"href":"https:\/\/iberosgourmet.com\/en\/wp-json\/wp\/v2\/product\/19170","targetHints":{"allow":["GET"]}}],"collection":[{"href":"https:\/\/iberosgourmet.com\/en\/wp-json\/wp\/v2\/product"}],"about":[{"href":"https:\/\/iberosgourmet.com\/en\/wp-json\/wp\/v2\/types\/product"}],"version-history":[{"count":0,"href":"https:\/\/iberosgourmet.com\/en\/wp-json\/wp\/v2\/product\/19170\/revisions"}],"wp:featuredmedia":[{"embeddable":true,"href":"https:\/\/iberosgourmet.com\/en\/wp-json\/wp\/v2\/media\/19112"}],"wp:attachment":[{"href":"https:\/\/iberosgourmet.com\/en\/wp-json\/wp\/v2\/media?parent=19170"}],"wp:term":[{"taxonomy":"pwb-brand","embeddable":true,"href":"https:\/\/iberosgourmet.com\/en\/wp-json\/wp\/v2\/pwb-brand?post=19170"},{"taxonomy":"product_brand","embeddable":true,"href":"https:\/\/iberosgourmet.com\/en\/wp-json\/wp\/v2\/product_brand?post=19170"},{"taxonomy":"product_cat","embeddable":true,"href":"https:\/\/iberosgourmet.com\/en\/wp-json\/wp\/v2\/product_cat?post=19170"},{"taxonomy":"product_tag","embeddable":true,"href":"https:\/\/iberosgourmet.com\/en\/wp-json\/wp\/v2\/product_tag?post=19170"}],"curies":[{"name":"wp","href":"https:\/\/api.w.org\/{rel}","templated":true}]}}