{"id":18967,"date":"2022-05-17T19:23:26","date_gmt":"2022-05-17T17:23:26","guid":{"rendered":"https:\/\/iberosgourmet.com\/tienda\/pheasant-menu-for-4-persons\/"},"modified":"2022-05-17T19:23:26","modified_gmt":"2022-05-17T17:23:26","slug":"menu-pheasant-for-4-persons","status":"publish","type":"product","link":"https:\/\/iberosgourmet.com\/en\/producto\/menu-pheasant-for-4-persons\/","title":{"rendered":"Pheasant menu for 4 persons"},"content":{"rendered":"<p>Our menu suggestion:<\/p>\n<p><strong>starter<\/strong>: pheasant p\u00e2t\u00e9 to make canap\u00e9s on its own or served with pepper jam<\/p>\n<p><strong>first course:<\/strong> pickled pheasant salad with lamb&#8217;s lettuce and pomegranate or endives. Dress with a touch of Modena<\/p>\n<p><strong>main course<\/strong>: low-temperature pheasant with apples and sultanas. Simply open the bags, remove the pheasant to an ovenproof dish and cook for 20 minutes at 180\u00ba.<\/p>\n<p>Enjoy!<\/p>\n","protected":false},"excerpt":{"rendered":"<p>1 jar of Pheasant p\u00e2t\u00e9 90 gr.<\/p>\n<p>1 jar of pickled pheasant 200gr.<\/p>\n<p>1 box of Pheasant at low temperature with apple and sultanas 1.100-1400 gr.<\/p>\n<p><strong>Handmade<\/strong> preserves made by hand with pheasants reared in the province of Palencia.<\/p>\n","protected":false},"featured_media":18795,"template":"","meta":{"rank_math_title":"","rank_math_description":"","rank_math_canonical_url":"","rank_math_focus_keyword":""},"pwb-brand":[623],"product_brand":[],"product_cat":[1049,1085,1082],"product_tag":[1185,1183,1184],"class_list":{"0":"post-18967","1":"product","2":"type-product","3":"status-publish","4":"has-post-thumbnail","6":"pwb-brand-conservas-amo","7":"product_cat-gifts","8":"product_cat-main-course","9":"product_cat-open-and-serve-at","10":"product_tag-handmade-preserves","11":"product_tag-pheasant","12":"product_tag-prepared-food","14":"first","15":"instock","16":"taxable","17":"shipping-taxable","18":"purchasable","19":"product-type-simple"},"brands":[{"id":623,"name":"Conservas Amo","slug":"conservas-amo"}],"_links":{"self":[{"href":"https:\/\/iberosgourmet.com\/en\/wp-json\/wp\/v2\/product\/18967","targetHints":{"allow":["GET"]}}],"collection":[{"href":"https:\/\/iberosgourmet.com\/en\/wp-json\/wp\/v2\/product"}],"about":[{"href":"https:\/\/iberosgourmet.com\/en\/wp-json\/wp\/v2\/types\/product"}],"version-history":[{"count":0,"href":"https:\/\/iberosgourmet.com\/en\/wp-json\/wp\/v2\/product\/18967\/revisions"}],"wp:featuredmedia":[{"embeddable":true,"href":"https:\/\/iberosgourmet.com\/en\/wp-json\/wp\/v2\/media\/18795"}],"wp:attachment":[{"href":"https:\/\/iberosgourmet.com\/en\/wp-json\/wp\/v2\/media?parent=18967"}],"wp:term":[{"taxonomy":"pwb-brand","embeddable":true,"href":"https:\/\/iberosgourmet.com\/en\/wp-json\/wp\/v2\/pwb-brand?post=18967"},{"taxonomy":"product_brand","embeddable":true,"href":"https:\/\/iberosgourmet.com\/en\/wp-json\/wp\/v2\/product_brand?post=18967"},{"taxonomy":"product_cat","embeddable":true,"href":"https:\/\/iberosgourmet.com\/en\/wp-json\/wp\/v2\/product_cat?post=18967"},{"taxonomy":"product_tag","embeddable":true,"href":"https:\/\/iberosgourmet.com\/en\/wp-json\/wp\/v2\/product_tag?post=18967"}],"curies":[{"name":"wp","href":"https:\/\/api.w.org\/{rel}","templated":true}]}}