{"id":18953,"date":"2022-10-14T12:29:21","date_gmt":"2022-10-14T10:29:21","guid":{"rendered":"https:\/\/iberosgourmet.com\/tienda\/media-legua-airen-vinas-viejas-box-6\/"},"modified":"2022-10-14T12:29:21","modified_gmt":"2022-10-14T10:29:21","slug":"media-legua-airen-vinas-viejas-caja-6-ud","status":"publish","type":"product","link":"https:\/\/iberosgourmet.com\/en\/producto\/media-legua-airen-vinas-viejas-caja-6-ud\/","title":{"rendered":"Media Legua. Air\u00e9n Vi\u00f1as Viejas. Box 6"},"content":{"rendered":"<p>Name: MEDIA LEGUA. Air\u00e9n Vi\u00f1as Viejas. Selected vintage 2.022.<br \/>\nBodega: BODEGAS Y VI\u00d1EDOS CASA DE LA NAVA S.L.<br \/>\nOrigin: D.O. VALDEPE\u00d1AS.<br \/>\nWinemaker: <strong>Jos\u00e9 S\u00e1nchez-Barba Caminero.<\/strong><br \/>\nTasting notes: Yellow in colour, with greenish reflections and an aromatic profile of white fruits, citrus fruits with slight herbaceous nuances and subtle notes of white chocolate. Fresh, fruity, full-bodied and pleasantly creamy.<br \/>\nGastronomy: Pairs well with fish, seafood, rice dishes, pasta and cheese. Serve at 8-10 \u00baC.<br \/>\nProduction: Limited edition of 2,480 bottles of 75 cl. 12%Vol.<\/p>\n<p>Variety: 100% Air\u00e9n.<br \/>\nAltitude: 710 metres.<br \/>\nVineyards: Old vines, over 70 years old, with yields of 4,000 Kg\/Ha.<br \/>\nVineyard size: Low size. Plantation frame 2.5 x 2.5 metres.<br \/>\nType of soil: Clayey-sandy.<br \/>\nHarvest Date: 2 October 2022.<br \/>\nHarvest: Manual in 18 kg boxes. Grape selection on sorting table.<br \/>\nClimatology: The 2022 vintage was characterised by a very cold winter, a rainy spring and a short, warm and dry summer.<br \/>\nWinemaking system: Pellicular maceration at 10\u00baC for 6 hours, followed by:<br \/>\n&#8211; 60 % Fermentation in 500 litre French oak barrels at 15\u00baC with a small percentage of skins for 60 days. Afterwards, racking into earthenware jars and resting in these for 45 days.<br \/>\n&#8211; 40% Fermentation in stainless steel tanks at 15\u00baC, with lees stirring for 3 and a half months.<\/p>\n<p>Minimal intervention in the wine. Natural fining and light filtration. Bottling: 25 March 2022.<\/p>\n","protected":false},"excerpt":{"rendered":"<p>Media Legua. Air\u00e9n Vi\u00f1as Viejas. Selected harvest 2022.<br \/>\nLimited edition of 2.480 bottles.<br \/>\nHarvested by hand and carefully prepared, it rests in ancient earthenware jars that enhance the organoleptic characteristics of this variety.<br \/>\nA different Air\u00e9n, an Air\u00e9n taken to its maximum expression.<\/p>\n<p>Box of 6 bottles.<\/p>\n","protected":false},"featured_media":18837,"template":"","meta":{"rank_math_title":"","rank_math_description":"","rank_math_canonical_url":"","rank_math_focus_keyword":""},"pwb-brand":[1010],"product_brand":[],"product_cat":[1051,1054,1053],"product_tag":[1056,1171,1170,1169],"class_list":{"0":"post-18953","1":"product","2":"type-product","3":"status-publish","4":"has-post-thumbnail","6":"pwb-brand-bodega_casa_de_la_nava","7":"product_cat-bodega-en","8":"product_cat-other-designations","9":"product_cat-wines","10":"product_tag-airen-en","11":"product_tag-signature-wine","12":"product_tag-valdepenas-en","13":"product_tag-wine","15":"first","16":"instock","17":"taxable","18":"shipping-taxable","19":"purchasable","20":"product-type-simple"},"brands":[{"id":1010,"name":"Bodega Casa de la Nava","slug":"bodega_casa_de_la_nava"}],"_links":{"self":[{"href":"https:\/\/iberosgourmet.com\/en\/wp-json\/wp\/v2\/product\/18953","targetHints":{"allow":["GET"]}}],"collection":[{"href":"https:\/\/iberosgourmet.com\/en\/wp-json\/wp\/v2\/product"}],"about":[{"href":"https:\/\/iberosgourmet.com\/en\/wp-json\/wp\/v2\/types\/product"}],"version-history":[{"count":0,"href":"https:\/\/iberosgourmet.com\/en\/wp-json\/wp\/v2\/product\/18953\/revisions"}],"wp:featuredmedia":[{"embeddable":true,"href":"https:\/\/iberosgourmet.com\/en\/wp-json\/wp\/v2\/media\/18837"}],"wp:attachment":[{"href":"https:\/\/iberosgourmet.com\/en\/wp-json\/wp\/v2\/media?parent=18953"}],"wp:term":[{"taxonomy":"pwb-brand","embeddable":true,"href":"https:\/\/iberosgourmet.com\/en\/wp-json\/wp\/v2\/pwb-brand?post=18953"},{"taxonomy":"product_brand","embeddable":true,"href":"https:\/\/iberosgourmet.com\/en\/wp-json\/wp\/v2\/product_brand?post=18953"},{"taxonomy":"product_cat","embeddable":true,"href":"https:\/\/iberosgourmet.com\/en\/wp-json\/wp\/v2\/product_cat?post=18953"},{"taxonomy":"product_tag","embeddable":true,"href":"https:\/\/iberosgourmet.com\/en\/wp-json\/wp\/v2\/product_tag?post=18953"}],"curies":[{"name":"wp","href":"https:\/\/api.w.org\/{rel}","templated":true}]}}