{"id":18930,"date":"2023-02-21T17:58:54","date_gmt":"2023-02-21T16:58:54","guid":{"rendered":"https:\/\/iberosgourmet.com\/tienda\/seleccion-by-pies-viejos\/"},"modified":"2023-04-10T13:19:07","modified_gmt":"2023-04-10T11:19:07","slug":"seleccion-by-pies-viejos","status":"publish","type":"product","link":"https:\/\/iberosgourmet.com\/en\/producto\/seleccion-by-pies-viejos\/","title":{"rendered":"Selecci\u00f3n by Pies Viejos"},"content":{"rendered":"<p>Selection of 6 bottles of handcrafted wines from centenary vineyards, sustainable production of native varieties, air\u00e9n and mountain garnacha in Valdepe\u00f1as and Cebreros.<\/p>\n<p><em><strong>1 botella de El Vigilante<\/strong>:<\/em> Tinto Garnacha 100%, de vi\u00f1as muy viejas (103 a\u00f1os). <strong>Denominaci\u00f3n de Origen Protegida<\/strong> Ceberos. <strong>Crianza:<\/strong> El 70% en roble franc\u00e9s y 30% en damajuanas de cristal en condiciones de cueva. Slightly clarified and filtered.<strong> <\/strong><strong>Color<\/strong>: cherry cherry, middle layer, ruby rim, glyceric. <strong>Nose<\/strong>: high aromatic intensity and evolution in the glass. Complex and well defined. Aromas of undergrowth, mushroom, leaf litter, blueberry jam, blackberries and raspberries, balsamic and fresh character. Spices of clove, cardamom and cinnamon; and highly floral with hints of carnations <strong>Mouth<\/strong>: full, generous and ample from the beginning. Ripe and creamy tannin, very slow, unctuous and expressive. The aromas of licorice, fresh tobacco, spices and black fruits on the palate make it complex and its structure is harmonious, with a very long aftertaste. Serving temperature between 13 and 15\u00baC Graduation: 16.50%.<\/p>\n<p><strong><em>1 botella de La vi\u00f1a es Bella:<\/em><\/strong> uva 100% garnacha tinta <strong>Crianza:<\/strong> 10 meses en barricas de roble franc\u00e9s.<strong> <\/strong><strong>Color<\/strong>: cherry red with ruby rim. Medium-high layer, clean and bright <strong>Nose<\/strong>: medium-high intensity. Ripe, well-defined red and black fruits in harmony, such as raspberry and blueberry. Floral, notes of rose petals, sweet spices, clove, cocoa, fresh tobacco and balsamic touches. <strong>Palate<\/strong>: Pleasant entry, deep and silky tannins. Medium-high body, floral and fruity notes seem persistent. Well integrated and pleasant acidity. Long, fresh and balsamic finish. Serve at 14% in a wide glass. Graduation 14,27\u20ac <strong>An ounce of dark chocolate triggers its fruitiness, try it.<\/strong><\/p>\n<p><em><strong>1 botella de Albillo Real:<\/strong><\/em> a white wine 100% albillo real variety, from 50 to 80 year old garnacha vineyards. Organic, traditional and respectful harvest. <strong>Aging<\/strong>: 10 months in French oak barrels. <strong> <\/strong><strong>Color<\/strong>: golden yellow with golden reflections, medium layer, clean and bright. <strong>Nose<\/strong>: high intensity. Citrus, ripe lemon, ripe quince, honeysuckle flower. Hints of ginger. Aniseed and slightly honeyed character, fennel. Notes of fine pastries lightly baked, butter. <strong>Palate<\/strong>: Intense and voluminous, balanced acidity, sweet and sharp spices, white pepper, hint of honey. Dense, unctuous, very long, saline and mineral finish. Serve between 8 and 10\u00baC Alcohol content 14%.<\/p>\n<p><em><strong>1 botella de Alberch\u00f3n:<\/strong><\/em> from old mountain Grenache vineyards between 50 and 80 years old. <strong> <\/strong><strong>Color<\/strong>: ruby, medium-low layer, bright and clear. <strong>Nose<\/strong>: medium-high aromatic intensity. It presents aromas of wild red fruits such as redcurrant and raspberry. Very energetic floral and mineral notes. Exotically spicy and well defined. <strong>Palate<\/strong>: vibrant wine, with great freshness. The fresh red fruit and floral aromas make it tremendously pleasant on the palate. Its tannins and acidity give it a medium-high body that gives it personality and character. Long, fresh and very floral finish. Consume between 12 and 13\u00baC . 14.50%<\/p>\n<p><em><strong>2 botellas de Orange Wine:<\/strong><\/em> 100 % Airen variety, from 75 and 83 year old vines. The grapes are selected manually, discarding clusters that are not 100% healthy. <strong>Aging<\/strong>: 5 months in 1000 liter clay eggs. <strong>Color<\/strong>: old gold with orange hues, slightly cloudy, bright and unctuous <strong>Nose<\/strong>: medium aromatic intensity and evolution in the glass. Complex and well defined. Aromas de piel de naranja seca, manzanilla, flor de jazm\u00edn seca, fruta de hueso, hinojo, brezo, notas herb\u00e1ceas y car\u00e1cter calizo. Notes of ginger and white pepper are constant throughout the olfactory cycle. <strong>Mouth<\/strong>: persuasive, generous and ample from the beginning. Ripe and creamy tannins, slow and voluminous. Aromas of fennel, lemon verbena, peach, candied orange, fig leaf and with time, it shows subtle notes of puff pastry and fine lees. <strong>Serving<\/strong> temperature: between 10 and 14\u00baC <strong>Graduation<\/strong>: 12.5%.<\/p>\n<p>&nbsp;<\/p>\n","protected":false},"excerpt":{"rendered":"<p>Selection of 6 bottles of handcrafted wines from centenary vineyards, sustainable production of native varieties, air\u00e9n and mountain garnacha in Valdepe\u00f1as and Cebreros.<\/p>\n<p>1 bottle of El Vigilante<\/p>\n<p>1 bottle of La vi\u00f1a es Bella<\/p>\n<p>1 bottle of Albillo Real<\/p>\n<p>1 bottle of Alberch\u00f3n<\/p>\n<p>2 bottles of Orange Wine<\/p>\n","protected":false},"featured_media":18880,"template":"","meta":{"rank_math_title":"","rank_math_description":"","rank_math_canonical_url":"","rank_math_focus_keyword":""},"pwb-brand":[1025],"product_brand":[],"product_cat":[1051,1054,1053],"product_tag":[1056,1057,1055,1058],"class_list":{"0":"post-18930","1":"product","2":"type-product","3":"status-publish","4":"has-post-thumbnail","6":"pwb-brand-pies_viejos_parajes_y_vinedos","7":"product_cat-bodega-en","8":"product_cat-other-designations","9":"product_cat-wines","10":"product_tag-airen-en","11":"product_tag-bodega-en","12":"product_tag-garnacha-en","13":"product_tag-wines","15":"first","16":"instock","17":"taxable","18":"shipping-taxable","19":"purchasable","20":"product-type-simple"},"brands":[{"id":1025,"name":"Pies Viejos Parajes y Vi\u00f1edos","slug":"pies_viejos_parajes_y_vinedos"}],"_links":{"self":[{"href":"https:\/\/iberosgourmet.com\/en\/wp-json\/wp\/v2\/product\/18930","targetHints":{"allow":["GET"]}}],"collection":[{"href":"https:\/\/iberosgourmet.com\/en\/wp-json\/wp\/v2\/product"}],"about":[{"href":"https:\/\/iberosgourmet.com\/en\/wp-json\/wp\/v2\/types\/product"}],"version-history":[{"count":1,"href":"https:\/\/iberosgourmet.com\/en\/wp-json\/wp\/v2\/product\/18930\/revisions"}],"predecessor-version":[{"id":18936,"href":"https:\/\/iberosgourmet.com\/en\/wp-json\/wp\/v2\/product\/18930\/revisions\/18936"}],"wp:featuredmedia":[{"embeddable":true,"href":"https:\/\/iberosgourmet.com\/en\/wp-json\/wp\/v2\/media\/18880"}],"wp:attachment":[{"href":"https:\/\/iberosgourmet.com\/en\/wp-json\/wp\/v2\/media?parent=18930"}],"wp:term":[{"taxonomy":"pwb-brand","embeddable":true,"href":"https:\/\/iberosgourmet.com\/en\/wp-json\/wp\/v2\/pwb-brand?post=18930"},{"taxonomy":"product_brand","embeddable":true,"href":"https:\/\/iberosgourmet.com\/en\/wp-json\/wp\/v2\/product_brand?post=18930"},{"taxonomy":"product_cat","embeddable":true,"href":"https:\/\/iberosgourmet.com\/en\/wp-json\/wp\/v2\/product_cat?post=18930"},{"taxonomy":"product_tag","embeddable":true,"href":"https:\/\/iberosgourmet.com\/en\/wp-json\/wp\/v2\/product_tag?post=18930"}],"curies":[{"name":"wp","href":"https:\/\/api.w.org\/{rel}","templated":true}]}}